{"id":2194,"date":"2024-03-22T16:33:58","date_gmt":"2024-03-22T16:33:58","guid":{"rendered":"https:\/\/concentrarte.org\/?page_id=2194"},"modified":"2024-04-05T17:20:57","modified_gmt":"2024-04-05T17:20:57","slug":"comunidad-2","status":"publish","type":"page","link":"https:\/\/concentrarte.org\/es\/comunidad-2\/","title":{"rendered":"Donaciones"},"content":{"rendered":"\t\t<div data-elementor-type=\"wp-page\" data-elementor-id=\"2194\" class=\"elementor elementor-2194\" data-elementor-post-type=\"page\">\n\t\t\t\t\t\t<section class=\"elementor-section elementor-top-section elementor-element elementor-element-332961b elementor-section-boxed elementor-section-height-default elementor-section-height-default\" data-id=\"332961b\" data-element_type=\"section\" data-e-type=\"section\" data-settings=\"{&quot;background_background&quot;:&quot;classic&quot;,&quot;shape_divider_bottom&quot;:&quot;tilt&quot;,&quot;xpro_backdrop_filter&quot;:&quot;yes&quot;}\">\n\t\t\t\t\t\t\t<div class=\"elementor-background-overlay\"><\/div>\n\t\t\t\t\t\t<div class=\"elementor-shape elementor-shape-bottom\" aria-hidden=\"true\" data-negative=\"false\">\n\t\t\t<svg xmlns=\"http:\/\/www.w3.org\/2000\/svg\" viewBox=\"0 0 1000 100\" preserveAspectRatio=\"none\">\n\t<path class=\"elementor-shape-fill\" d=\"M0,6V0h1000v100L0,6z\"\/>\n<\/svg>\t\t<\/div>\n\t\t\t\t\t<div class=\"elementor-container elementor-column-gap-default\">\n\t\t\t\t\t<div class=\"elementor-column elementor-col-100 elementor-top-column elementor-element elementor-element-58b1278a\" data-id=\"58b1278a\" data-element_type=\"column\" data-e-type=\"column\">\n\t\t\t<div class=\"elementor-widget-wrap elementor-element-populated\">\n\t\t\t\t\t\t<div class=\"elementor-element elementor-element-617e9721 elementor-widget elementor-widget-xpro-heading\" data-id=\"617e9721\" data-element_type=\"widget\" data-e-type=\"widget\" data-widget_type=\"xpro-heading.default\">\n\t\t\t\t<div class=\"elementor-widget-container\">\n\t\t\t\t\t<div class=\"xpro-heading-wrapper xpro-simple-heading-wrapper\">\n\t<h2 class=\"xpro-heading-title\"> <\/h2><\/div>\n\t\t\t\t<\/div>\n\t\t\t\t<\/div>\n\t\t\t\t<div class=\"elementor-element elementor-element-3ab12d6f elementor-widget elementor-widget-xpro-heading\" data-id=\"3ab12d6f\" data-element_type=\"widget\" data-e-type=\"widget\" data-widget_type=\"xpro-heading.default\">\n\t\t\t\t<div class=\"elementor-widget-container\">\n\t\t\t\t\t<div class=\"xpro-heading-wrapper xpro-simple-heading-wrapper\">\n\t<h2 class=\"xpro-heading-title\"> <\/h2><\/div>\n\t\t\t\t<\/div>\n\t\t\t\t<\/div>\n\t\t\t\t\t<\/div>\n\t\t<\/div>\n\t\t\t\t\t<\/div>\n\t\t<\/section>\n\t\t\t\t<section class=\"elementor-section elementor-top-section elementor-element elementor-element-74625502 elementor-section-boxed elementor-section-height-default elementor-section-height-default\" data-id=\"74625502\" data-element_type=\"section\" data-e-type=\"section\">\n\t\t\t\t\t\t<div class=\"elementor-container elementor-column-gap-default\">\n\t\t\t\t\t<div class=\"elementor-column elementor-col-100 elementor-top-column elementor-element elementor-element-b7ab945\" data-id=\"b7ab945\" data-element_type=\"column\" data-e-type=\"column\">\n\t\t\t<div class=\"elementor-widget-wrap elementor-element-populated\">\n\t\t\t\t\t\t<div class=\"elementor-element elementor-element-3e64a4b7 elementor-widget elementor-widget-xpro-heading\" data-id=\"3e64a4b7\" data-element_type=\"widget\" data-e-type=\"widget\" data-widget_type=\"xpro-heading.default\">\n\t\t\t\t<div class=\"elementor-widget-container\">\n\t\t\t\t\t<div class=\"xpro-heading-wrapper xpro-simple-heading-wrapper\">\n\t<h2 class=\"xpro-heading-title\">\u00a1gracias! <\/h2><\/div>\n\t\t\t\t<\/div>\n\t\t\t\t<\/div>\n\t\t\t\t<div class=\"elementor-element elementor-element-9364a86 elementor-widget elementor-widget-text-editor\" data-id=\"9364a86\" data-element_type=\"widget\" data-e-type=\"widget\" data-widget_type=\"text-editor.default\">\n\t\t\t\t<div class=\"elementor-widget-container\">\n\t\t\t\t\t\t\t\t\t<p style=\"text-align: center;\">Tu donativo nos ayuda a seguir reduciendo desigualdades y llegar a cada vez m\u00e1s lugares en M\u00e9xico.<\/p>\t\t\t\t\t\t\t\t<\/div>\n\t\t\t\t<\/div>\n\t\t\t\t<div class=\"elementor-element elementor-element-bcb2aeb elementor-widget__width-initial elementor-widget-tablet__width-initial elementor-widget elementor-widget-heading\" data-id=\"bcb2aeb\" data-element_type=\"widget\" data-e-type=\"widget\" data-widget_type=\"heading.default\">\n\t\t\t\t<div class=\"elementor-widget-container\">\n\t\t\t\t\t<h2 class=\"elementor-heading-title elementor-size-default\">Selecciona el \u00e1rea de donaci\u00f3n.<\/h2>\t\t\t\t<\/div>\n\t\t\t\t<\/div>\n\t\t\t\t<div class=\"elementor-element elementor-element-5bad3f03 elementor-widget elementor-widget-image\" data-id=\"5bad3f03\" data-element_type=\"widget\" data-e-type=\"widget\" data-widget_type=\"image.default\">\n\t\t\t\t<div class=\"elementor-widget-container\">\n\t\t\t\t\t\t\t\t\t\t\t\t\t\t\t<img decoding=\"async\" width=\"556\" height=\"16\" src=\"https:\/\/concentrarte.org\/wp-content\/uploads\/2024\/03\/Services-02-image-05.png\" class=\"attachment-large size-large wp-image-1634\" alt=\"\" srcset=\"https:\/\/concentrarte.org\/wp-content\/uploads\/2024\/03\/Services-02-image-05.png 556w, https:\/\/concentrarte.org\/wp-content\/uploads\/2024\/03\/Services-02-image-05-300x9.png 300w\" sizes=\"(max-width: 556px) 100vw, 556px\" \/>\t\t\t\t\t\t\t\t\t\t\t\t\t\t\t<\/div>\n\t\t\t\t<\/div>\n\t\t\t\t\t<\/div>\n\t\t<\/div>\n\t\t\t\t\t<\/div>\n\t\t<\/section>\n\t\t<div class=\"elementor-element elementor-element-17a594f e-grid e-con-boxed e-con e-parent\" data-id=\"17a594f\" data-element_type=\"container\" data-e-type=\"container\">\n\t\t\t\t\t<div class=\"e-con-inner\">\n\t\t\t\t<div class=\"elementor-element elementor-element-591678a elementor-widget elementor-widget-xpro-team\" data-id=\"591678a\" data-element_type=\"widget\" data-e-type=\"widget\" data-settings=\"{&quot;layout&quot;:&quot;4&quot;}\" data-widget_type=\"xpro-team.default\">\n\t\t\t\t<div class=\"elementor-widget-container\">\n\t\t\t\t\t\n<div class=\"xpro-team-wrapper xpro-team-layout-4\">\n\t\n\t\t<div class=\"xpro-team-image\">\n\t\t<img fetchpriority=\"high\" decoding=\"async\" width=\"1426\" height=\"1426\" src=\"https:\/\/concentrarte.org\/wp-content\/uploads\/2024\/03\/IMG-20231009-WA0054.jpg\" class=\"attachment-full size-full\" alt=\"\" srcset=\"https:\/\/concentrarte.org\/wp-content\/uploads\/2024\/03\/IMG-20231009-WA0054.jpg 1426w, https:\/\/concentrarte.org\/wp-content\/uploads\/2024\/03\/IMG-20231009-WA0054-300x300.jpg 300w, https:\/\/concentrarte.org\/wp-content\/uploads\/2024\/03\/IMG-20231009-WA0054-100x100.jpg 100w, https:\/\/concentrarte.org\/wp-content\/uploads\/2024\/03\/IMG-20231009-WA0054-600x600.jpg 600w, https:\/\/concentrarte.org\/wp-content\/uploads\/2024\/03\/IMG-20231009-WA0054-1024x1024.jpg 1024w, https:\/\/concentrarte.org\/wp-content\/uploads\/2024\/03\/IMG-20231009-WA0054-150x150.jpg 150w, https:\/\/concentrarte.org\/wp-content\/uploads\/2024\/03\/IMG-20231009-WA0054-768x768.jpg 768w, https:\/\/concentrarte.org\/wp-content\/uploads\/2024\/03\/IMG-20231009-WA0054-400x400.jpg 400w\" sizes=\"(max-width: 1426px) 100vw, 1426px\" \/>\t\t\t\t<\/div>\n<div class=\"xpro-team-content\">\n\t\t\t\t<h2\tclass=\"xpro-team-title\">Soberan\u00eda Alimentaria<\/h2>\n\t\t\t<p class=\"xpro-team-description\">Con tu donativo, continuaremos fomentando la salud a trav\u00e9s de la alimentaci\u00f3n saludable. <\/p>\n\n\t<ul class=\"xpro-team-social-list xpro-team-social-list-dis\">\n\t\t\t\t<li class=\"elementor-repeater-item-0c6dc0f\">\n\t\t\t<a  href=\"https:\/\/concentrarte.org\/donaciones-2-tipo\/\" class=\"xpro-team-social-icon\">\n\t\t\t<i aria-hidden=\"true\" class=\"xi xi-print\"><\/i>\t\t\t<\/a>\n\t\t\t<\/li>\n\t\t\t<\/ul>\n<\/div>\n<\/div>\n\t\t\t\t<\/div>\n\t\t\t\t<\/div>\n\t\t\t\t<div class=\"elementor-element elementor-element-30aadf1 elementor-widget elementor-widget-xpro-team\" data-id=\"30aadf1\" data-element_type=\"widget\" data-e-type=\"widget\" data-settings=\"{&quot;layout&quot;:&quot;4&quot;}\" data-widget_type=\"xpro-team.default\">\n\t\t\t\t<div class=\"elementor-widget-container\">\n\t\t\t\t\t\n<div class=\"xpro-team-wrapper xpro-team-layout-4\">\n\t\n\t\t<div class=\"xpro-team-image\">\n\t\t<img decoding=\"async\" width=\"1501\" height=\"1523\" src=\"https:\/\/concentrarte.org\/wp-content\/uploads\/2024\/03\/IMG_7542-scaled-e1711133978923.jpg\" class=\"attachment-full size-full\" alt=\"\" srcset=\"https:\/\/concentrarte.org\/wp-content\/uploads\/2024\/03\/IMG_7542-scaled-e1711133978923.jpg 1501w, https:\/\/concentrarte.org\/wp-content\/uploads\/2024\/03\/IMG_7542-scaled-e1711133978923-100x100.jpg 100w, https:\/\/concentrarte.org\/wp-content\/uploads\/2024\/03\/IMG_7542-scaled-e1711133978923-600x609.jpg 600w, https:\/\/concentrarte.org\/wp-content\/uploads\/2024\/03\/IMG_7542-scaled-e1711133978923-296x300.jpg 296w, https:\/\/concentrarte.org\/wp-content\/uploads\/2024\/03\/IMG_7542-scaled-e1711133978923-1009x1024.jpg 1009w, https:\/\/concentrarte.org\/wp-content\/uploads\/2024\/03\/IMG_7542-scaled-e1711133978923-768x779.jpg 768w\" sizes=\"(max-width: 1501px) 100vw, 1501px\" \/>\t\t\t\t<\/div>\n<div class=\"xpro-team-content\">\n\t\t\t\t<h2\tclass=\"xpro-team-title\">Educaci\u00f3n Ambiental<\/h2>\n\t\t\t<p class=\"xpro-team-description\">Con tu donativo, continuaremos fomentando la salud a trav\u00e9s de la alimentaci\u00f3n saludable. <\/p>\n\n\t<ul class=\"xpro-team-social-list xpro-team-social-list-dis\">\n\t\t\t\t<li class=\"elementor-repeater-item-ab016f6\">\n\t\t\t<span  target=\"_blank\" class=\"xpro-team-social-icon\">\n\t\t\t<i aria-hidden=\"true\" class=\"xi xi-print\"><\/i>\t\t\t<\/span>\n\t\t\t<\/li>\n\t\t\t<\/ul>\n<\/div>\n<\/div>\n\t\t\t\t<\/div>\n\t\t\t\t<\/div>\n\t\t\t\t<div class=\"elementor-element elementor-element-04776b6 elementor-widget elementor-widget-xpro-team\" data-id=\"04776b6\" data-element_type=\"widget\" data-e-type=\"widget\" data-settings=\"{&quot;layout&quot;:&quot;4&quot;}\" data-widget_type=\"xpro-team.default\">\n\t\t\t\t<div class=\"elementor-widget-container\">\n\t\t\t\t\t\n<div class=\"xpro-team-wrapper xpro-team-layout-4\">\n\t\n\t\t<div class=\"xpro-team-image\">\n\t\t<img loading=\"lazy\" decoding=\"async\" width=\"640\" height=\"640\" src=\"https:\/\/concentrarte.org\/wp-content\/uploads\/2024\/03\/3-e1711134038152.png\" class=\"attachment-full size-full\" alt=\"\" srcset=\"https:\/\/concentrarte.org\/wp-content\/uploads\/2024\/03\/3-e1711134038152.png 640w, https:\/\/concentrarte.org\/wp-content\/uploads\/2024\/03\/3-e1711134038152-300x300.png 300w, https:\/\/concentrarte.org\/wp-content\/uploads\/2024\/03\/3-e1711134038152-100x100.png 100w, https:\/\/concentrarte.org\/wp-content\/uploads\/2024\/03\/3-e1711134038152-600x600.png 600w, https:\/\/concentrarte.org\/wp-content\/uploads\/2024\/03\/3-e1711134038152-150x150.png 150w, https:\/\/concentrarte.org\/wp-content\/uploads\/2024\/03\/3-e1711134038152-400x400.png 400w\" sizes=\"(max-width: 640px) 100vw, 640px\" \/>\t\t\t\t<\/div>\n<div class=\"xpro-team-content\">\n\t\t\t\t<h2\tclass=\"xpro-team-title\">Paz y Resiliencia<\/h2>\n\t\t\t<p class=\"xpro-team-description\">Con tu donativo, continuaremos fomentando la salud a trav\u00e9s de la alimentaci\u00f3n saludable. <\/p>\n\n\t<ul class=\"xpro-team-social-list xpro-team-social-list-dis\">\n\t\t\t\t<li class=\"elementor-repeater-item-ec21017\">\n\t\t\t<span  target=\"_blank\" class=\"xpro-team-social-icon\">\n\t\t\t<i aria-hidden=\"true\" class=\"xi xi-print\"><\/i>\t\t\t<\/span>\n\t\t\t<\/li>\n\t\t\t<\/ul>\n<\/div>\n<\/div>\n\t\t\t\t<\/div>\n\t\t\t\t<\/div>\n\t\t\t\t\t<\/div>\n\t\t\t\t<\/div>\n\t\t\t\t<\/div>\n\t\t","protected":false},"excerpt":{"rendered":"<p>\u00a1gracias! Tu donativo nos ayuda a seguir reduciendo desigualdades y llegar a cada vez m\u00e1s lugares en M\u00e9xico. Selecciona el \u00e1rea de donaci\u00f3n. Soberan\u00eda Alimentaria Con tu donativo, continuaremos fomentando la salud a trav\u00e9s de la alimentaci\u00f3n saludable. Educaci\u00f3n Ambiental Con tu donativo, continuaremos fomentando la salud a trav\u00e9s de la alimentaci\u00f3n saludable. Paz y [&hellip;]<\/p>\n","protected":false},"author":1,"featured_media":0,"parent":0,"menu_order":0,"comment_status":"closed","ping_status":"closed","template":"","meta":{"ghostkit_customizer_options":"","ghostkit_custom_css":"","ghostkit_custom_js_head":"","ghostkit_custom_js_foot":"","ghostkit_typography":"","site-sidebar-layout":"no-sidebar","site-content-layout":"page-builder","ast-site-content-layout":"full-width-container","site-content-style":"default","site-sidebar-style":"default","ast-global-header-display":"","ast-banner-title-visibility":"","ast-main-header-display":"","ast-hfb-above-header-display":"","ast-hfb-below-header-display":"","ast-hfb-mobile-header-display":"","site-post-title":"disabled","ast-breadcrumbs-content":"","ast-featured-img":"disabled","footer-sml-layout":"","theme-transparent-header-meta":"","adv-header-id-meta":"","stick-header-meta":"","header-above-stick-meta":"","header-main-stick-meta":"","header-below-stick-meta":"","astra-migrate-meta-layouts":"set","ast-page-background-enabled":"default","ast-page-background-meta":{"desktop":{"background-color":"","background-image":"","background-repeat":"repeat","background-position":"center center","background-size":"auto","background-attachment":"scroll","background-type":"","background-media":"","overlay-type":"","overlay-color":"","overlay-gradient":""},"tablet":{"background-color":"","background-image":"","background-repeat":"repeat","background-position":"center center","background-size":"auto","background-attachment":"scroll","background-type":"","background-media":"","overlay-type":"","overlay-color":"","overlay-gradient":""},"mobile":{"background-color":"","background-image":"","background-repeat":"repeat","background-position":"center center","background-size":"auto","background-attachment":"scroll","background-type":"","background-media":"","overlay-type":"","overlay-color":"","overlay-gradient":""}},"ast-content-background-meta":{"desktop":{"background-color":"var(--ast-global-color-5)","background-image":"","background-repeat":"repeat","background-position":"center center","background-size":"auto","background-attachment":"scroll","background-type":"","background-media":"","overlay-type":"","overlay-color":"","overlay-gradient":""},"tablet":{"background-color":"var(--ast-global-color-5)","background-image":"","background-repeat":"repeat","background-position":"center center","background-size":"auto","background-attachment":"scroll","background-type":"","background-media":"","overlay-type":"","overlay-color":"","overlay-gradient":""},"mobile":{"background-color":"var(--ast-global-color-5)","background-image":"","background-repeat":"repeat","background-position":"center center","background-size":"auto","background-attachment":"scroll","background-type":"","background-media":"","overlay-type":"","overlay-color":"","overlay-gradient":""}},"_joinchat":[],"footnotes":""},"class_list":["post-2194","page","type-page","status-publish","hentry"],"_links":{"self":[{"href":"https:\/\/concentrarte.org\/es\/wp-json\/wp\/v2\/pages\/2194","targetHints":{"allow":["GET"]}}],"collection":[{"href":"https:\/\/concentrarte.org\/es\/wp-json\/wp\/v2\/pages"}],"about":[{"href":"https:\/\/concentrarte.org\/es\/wp-json\/wp\/v2\/types\/page"}],"author":[{"embeddable":true,"href":"https:\/\/concentrarte.org\/es\/wp-json\/wp\/v2\/users\/1"}],"replies":[{"embeddable":true,"href":"https:\/\/concentrarte.org\/es\/wp-json\/wp\/v2\/comments?post=2194"}],"version-history":[{"count":50,"href":"https:\/\/concentrarte.org\/es\/wp-json\/wp\/v2\/pages\/2194\/revisions"}],"predecessor-version":[{"id":2759,"href":"https:\/\/concentrarte.org\/es\/wp-json\/wp\/v2\/pages\/2194\/revisions\/2759"}],"wp:attachment":[{"href":"https:\/\/concentrarte.org\/es\/wp-json\/wp\/v2\/media?parent=2194"}],"curies":[{"name":"wp","href":"https:\/\/api.w.org\/{rel}","templated":true}]}}