{"id":543,"date":"2018-11-27T09:17:42","date_gmt":"2018-11-27T09:17:42","guid":{"rendered":"https:\/\/concentrarte.org\/?page_id=543"},"modified":"2026-02-26T03:33:53","modified_gmt":"2026-02-26T03:33:53","slug":"projects","status":"publish","type":"page","link":"https:\/\/concentrarte.org\/en\/projects\/","title":{"rendered":"Programs"},"content":{"rendered":"<div data-elementor-type=\"wp-post\" data-elementor-id=\"543\" class=\"elementor elementor-543\" data-elementor-post-type=\"page\">\n\t\t\t\t<div class=\"elementor-element elementor-element-36e4911 e-flex e-con-boxed e-con e-parent\" data-id=\"36e4911\" data-element_type=\"container\" data-e-type=\"container\" data-settings=\"{&quot;background_background&quot;:&quot;video&quot;,&quot;background_video_link&quot;:&quot;https:\\\/\\\/www.youtube.com\\\/watch?v=UkCYA_hXTOI&quot;,&quot;background_video_start&quot;:123,&quot;background_video_end&quot;:128,&quot;background_play_on_mobile&quot;:&quot;yes&quot;,&quot;background_privacy_mode&quot;:&quot;yes&quot;}\">\n\t\t\t\t\t<div class=\"e-con-inner\">\n\t\t<div class=\"elementor-background-video-container\">\n\t\t\t\t\t\t\t<div class=\"elementor-background-video-embed\" role=\"presentation\"><\/div>\n\t\t\t\t\t\t<\/div><div class=\"elementor-element elementor-element-8d332cf e-con-full e-flex e-con e-child\" data-id=\"8d332cf\" data-element_type=\"container\" data-e-type=\"container\">\n\t\t\t\t<div class=\"elementor-element elementor-element-4bf79de elementor-widget elementor-widget-heading\" data-id=\"4bf79de\" data-element_type=\"widget\" data-e-type=\"widget\" data-widget_type=\"heading.default\">\n\t\t\t\t<div class=\"elementor-widget-container\">\n\t\t\t\t\t<h1 class=\"elementor-heading-title elementor-size-default\">Programs<\/h1>\t\t\t\t<\/div>\n\t\t\t\t<\/div>\n\t\t\t\t<\/div>\n\t\t\t\t\t<\/div>\n\t\t\t\t<\/div>\n\t\t\t\t<section class=\"elementor-section elementor-top-section elementor-element elementor-element-287016cb elementor-section-boxed elementor-section-height-default elementor-section-height-default\" data-id=\"287016cb\" data-element_type=\"section\" data-e-type=\"section\" data-settings=\"{&quot;background_background&quot;:&quot;video&quot;}\">\n\t\t\t\t\t\t<div class=\"elementor-container elementor-column-gap-default\">\n\t\t\t\t\t<div class=\"elementor-column elementor-col-100 elementor-top-column elementor-element elementor-element-12714afb\" data-id=\"12714afb\" data-element_type=\"column\" data-e-type=\"column\" data-settings=\"{&quot;background_background&quot;:&quot;classic&quot;}\">\n\t\t\t<div class=\"elementor-widget-wrap elementor-element-populated\">\n\t\t\t\t\t\t<div class=\"elementor-element elementor-element-1d14984 elementor-widget elementor-widget-xpro-heading\" data-id=\"1d14984\" data-element_type=\"widget\" data-e-type=\"widget\" data-widget_type=\"xpro-heading.default\">\n\t\t\t\t<div class=\"elementor-widget-container\">\n\t\t\t\t\t<div class=\"xpro-heading-wrapper xpro-simple-heading-wrapper\">\n\t<h2 class=\"xpro-heading-title\">Impacto social verdadero  <\/h2><\/div>\n\t\t\t\t<\/div>\n\t\t\t\t<\/div>\n\t\t\t\t<div class=\"elementor-element elementor-element-54588890 elementor-widget elementor-widget-text-editor\" data-id=\"54588890\" data-element_type=\"widget\" data-e-type=\"widget\" data-widget_type=\"text-editor.default\">\n\t\t\t\t<div class=\"elementor-widget-container\">\n\t\t\t\t\t\t\t\t\t<p>Nuestros programas est\u00e1n dise\u00f1ados para un verdadero impacto social, integrando\u00a0<span style=\"font-style: inherit; font-weight: inherit;\">las \u00e1reas m\u00e1s importantes en el desarrollo del ser humano.\u00a0<\/span><\/p>\t\t\t\t\t\t\t\t<\/div>\n\t\t\t\t<\/div>\n\t\t\t\t<div class=\"elementor-element elementor-element-6ab66371 xpro-content-aligncenter elementor-widget__width-initial elementor-widget-tablet__width-initial elementor-widget-mobile__width-inherit elementor-widget elementor-widget-xpro-icon-box\" data-id=\"6ab66371\" data-element_type=\"widget\" data-e-type=\"widget\" data-widget_type=\"xpro-icon-box.default\">\n\t\t\t\t<div class=\"elementor-widget-container\">\n\t\t\t\t\t\r\n<a  href=\"https:\/\/concentrarte.org\/en\/soberania-alimentaria\/\" class=\"xpro-box-icon-wrapper\">\r\n<div class=\"xpro-box-icon-wrapper-inner\">\r\n\t     \r\n\t\t\t   <span class=\"xpro-box-icon-item\">\r\n\t\t\t\t<img decoding=\"async\" width=\"150\" height=\"150\" src=\"https:\/\/concentrarte.org\/wp-content\/uploads\/2026\/02\/PROYECTOS-2026-07-150x150.png\" class=\"attachment-thumbnail size-thumbnail\" alt=\"\" srcset=\"https:\/\/concentrarte.org\/wp-content\/uploads\/2026\/02\/PROYECTOS-2026-07-150x150.png 150w, https:\/\/concentrarte.org\/wp-content\/uploads\/2026\/02\/PROYECTOS-2026-07-300x300.png 300w, https:\/\/concentrarte.org\/wp-content\/uploads\/2026\/02\/PROYECTOS-2026-07-12x12.png 12w, https:\/\/concentrarte.org\/wp-content\/uploads\/2026\/02\/PROYECTOS-2026-07-600x600.png 600w, https:\/\/concentrarte.org\/wp-content\/uploads\/2026\/02\/PROYECTOS-2026-07-100x100.png 100w, https:\/\/concentrarte.org\/wp-content\/uploads\/2026\/02\/PROYECTOS-2026-07-400x400.png 400w, https:\/\/concentrarte.org\/wp-content\/uploads\/2026\/02\/PROYECTOS-2026-07.png 625w\" sizes=\"(max-width: 150px) 100vw, 150px\" \/>\t\t  <\/span>\r\n\t\r\n\t<span class=\"xpro-box-icon-content\">\r\n\t<h3 class=\"xpro-box-icon-title\">Igualdad de G\u00e9nero<\/h3>\r\n\t\t\t\t\t<p class=\"xpro-box-icon-description\">Acciones educativas y comunitarias que promueven la igualdad, el ejercicio de derechos, la autonom\u00eda y la transformaci\u00f3n de relaciones desiguales de g\u00e9nero.<\/p>\r\n\t\t\t\t   <\/span>\r\n   <\/div>\r\n<\/a>\r\n\t\t\t\t<\/div>\n\t\t\t\t<\/div>\n\t\t\t\t<div class=\"elementor-element elementor-element-2acc4e43 xpro-content-aligncenter elementor-widget__width-initial elementor-widget-tablet__width-initial elementor-widget-mobile__width-inherit elementor-widget elementor-widget-xpro-icon-box\" data-id=\"2acc4e43\" data-element_type=\"widget\" data-e-type=\"widget\" data-widget_type=\"xpro-icon-box.default\">\n\t\t\t\t<div class=\"elementor-widget-container\">\n\t\t\t\t\t\r\n<a  href=\"https:\/\/concentrarte.org\/en\/paz-y-resiliencia\/\" class=\"xpro-box-icon-wrapper\">\r\n<div class=\"xpro-box-icon-wrapper-inner\">\r\n\t     \r\n\t\t\t   <span class=\"xpro-box-icon-item\">\r\n\t\t\t\t<img fetchpriority=\"high\" decoding=\"async\" width=\"625\" height=\"625\" src=\"https:\/\/concentrarte.org\/wp-content\/uploads\/2026\/02\/PROYECTOS-2026-05.png\" class=\"attachment-full size-full\" alt=\"\" srcset=\"https:\/\/concentrarte.org\/wp-content\/uploads\/2026\/02\/PROYECTOS-2026-05.png 625w, https:\/\/concentrarte.org\/wp-content\/uploads\/2026\/02\/PROYECTOS-2026-05-300x300.png 300w, https:\/\/concentrarte.org\/wp-content\/uploads\/2026\/02\/PROYECTOS-2026-05-150x150.png 150w, https:\/\/concentrarte.org\/wp-content\/uploads\/2026\/02\/PROYECTOS-2026-05-12x12.png 12w, https:\/\/concentrarte.org\/wp-content\/uploads\/2026\/02\/PROYECTOS-2026-05-600x600.png 600w, https:\/\/concentrarte.org\/wp-content\/uploads\/2026\/02\/PROYECTOS-2026-05-100x100.png 100w, https:\/\/concentrarte.org\/wp-content\/uploads\/2026\/02\/PROYECTOS-2026-05-400x400.png 400w\" sizes=\"(max-width: 625px) 100vw, 625px\" \/>\t\t  <\/span>\r\n\t\r\n\t<span class=\"xpro-box-icon-content\">\r\n\t<h3 class=\"xpro-box-icon-title\">Identidad y Cultura<\/h3>\r\n\t\t\t\t\t<p class=\"xpro-box-icon-description\">Impulsamos identidades y saberes como hilos que tejen memoria colectiva y fortalecen la participaci\u00f3n comunitaria, reconociendo  la riqueza cultural de M\u00e9xico.<\/p>\r\n\t\t\t\t   <\/span>\r\n   <\/div>\r\n<\/a>\r\n\t\t\t\t<\/div>\n\t\t\t\t<\/div>\n\t\t\t\t<div class=\"elementor-element elementor-element-2665259 xpro-content-aligncenter elementor-widget__width-initial elementor-widget-mobile__width-inherit elementor-widget elementor-widget-xpro-icon-box\" data-id=\"2665259\" data-element_type=\"widget\" data-e-type=\"widget\" data-widget_type=\"xpro-icon-box.default\">\n\t\t\t\t<div class=\"elementor-widget-container\">\n\t\t\t\t\t\r\n<a  href=\"https:\/\/concentrarte.org\/en\/educacion-ambiental-pup\/\" class=\"xpro-box-icon-wrapper\">\r\n<div class=\"xpro-box-icon-wrapper-inner\">\r\n\t     \r\n\t\t\t   <span class=\"xpro-box-icon-item\">\r\n\t\t\t\t<img decoding=\"async\" width=\"625\" height=\"625\" src=\"https:\/\/concentrarte.org\/wp-content\/uploads\/2026\/02\/PROYECTOS-2026-06.png\" class=\"attachment-full size-full\" alt=\"\" srcset=\"https:\/\/concentrarte.org\/wp-content\/uploads\/2026\/02\/PROYECTOS-2026-06.png 625w, https:\/\/concentrarte.org\/wp-content\/uploads\/2026\/02\/PROYECTOS-2026-06-300x300.png 300w, https:\/\/concentrarte.org\/wp-content\/uploads\/2026\/02\/PROYECTOS-2026-06-150x150.png 150w, https:\/\/concentrarte.org\/wp-content\/uploads\/2026\/02\/PROYECTOS-2026-06-12x12.png 12w, https:\/\/concentrarte.org\/wp-content\/uploads\/2026\/02\/PROYECTOS-2026-06-600x600.png 600w, https:\/\/concentrarte.org\/wp-content\/uploads\/2026\/02\/PROYECTOS-2026-06-100x100.png 100w, https:\/\/concentrarte.org\/wp-content\/uploads\/2026\/02\/PROYECTOS-2026-06-400x400.png 400w\" sizes=\"(max-width: 625px) 100vw, 625px\" \/>\t\t  <\/span>\r\n\t\r\n\t<span class=\"xpro-box-icon-content\">\r\n\t<h3 class=\"xpro-box-icon-title\">Medio Ambiente<\/h3>\r\n\t\t\t\t\t<p class=\"xpro-box-icon-description\">Impulsamos procesos educativos comunitarios que promueven el cuidado del territorio, la sustentabilidad y la regeneraci\u00f3n del v\u00ednculo con la naturaleza, fomentando comunidades m\u00e1s justas y responsables que conservan el equilibrio de la vida con la tierra.<\/p>\r\n\t\t\t\t   <\/span>\r\n   <\/div>\r\n<\/a>\r\n\t\t\t\t<\/div>\n\t\t\t\t<\/div>\n\t\t\t\t\t<\/div>\n\t\t<\/div>\n\t\t\t\t\t<\/div>\n\t\t<\/section>\n\t\t\t\t<\/div>","protected":false},"excerpt":{"rendered":"<p>Programas Impacto social verdadero Nuestros programas est\u00e1n dise\u00f1ados para un verdadero impacto social, integrando\u00a0las \u00e1reas m\u00e1s importantes en el desarrollo del ser humano.\u00a0 Igualdad de G\u00e9nero Acciones educativas y comunitarias que promueven la igualdad, el ejercicio de derechos, la autonom\u00eda y la transformaci\u00f3n de relaciones desiguales de g\u00e9nero. Identidad y Cultura Impulsamos identidades y saberes [&hellip;]<\/p>\n","protected":false},"author":1,"featured_media":0,"parent":0,"menu_order":0,"comment_status":"closed","ping_status":"closed","template":"","meta":{"ghostkit_customizer_options":"","ghostkit_custom_css":"","ghostkit_custom_js_head":"","ghostkit_custom_js_foot":"","ghostkit_typography":"","site-sidebar-layout":"no-sidebar","site-content-layout":"page-builder","ast-site-content-layout":"full-width-container","site-content-style":"unboxed","site-sidebar-style":"unboxed","ast-global-header-display":"","ast-banner-title-visibility":"","ast-main-header-display":"","ast-hfb-above-header-display":"","ast-hfb-below-header-display":"","ast-hfb-mobile-header-display":"","site-post-title":"disabled","ast-breadcrumbs-content":"","ast-featured-img":"disabled","footer-sml-layout":"","theme-transparent-header-meta":"enabled","adv-header-id-meta":"","stick-header-meta":"","header-above-stick-meta":"","header-main-stick-meta":"","header-below-stick-meta":"","astra-migrate-meta-layouts":"set","ast-page-background-enabled":"default","ast-page-background-meta":{"desktop":{"background-color":"","background-image":"","background-repeat":"repeat","background-position":"center center","background-size":"auto","background-attachment":"scroll","background-type":"","background-media":"","overlay-type":"","overlay-color":"","overlay-gradient":""},"tablet":{"background-color":"","background-image":"","background-repeat":"repeat","background-position":"center center","background-size":"auto","background-attachment":"scroll","background-type":"","background-media":"","overlay-type":"","overlay-color":"","overlay-gradient":""},"mobile":{"background-color":"","background-image":"","background-repeat":"repeat","background-position":"center center","background-size":"auto","background-attachment":"scroll","background-type":"","background-media":"","overlay-type":"","overlay-color":"","overlay-gradient":""}},"ast-content-background-meta":{"desktop":{"background-color":"var(--ast-global-color-5)","background-image":"","background-repeat":"repeat","background-position":"center center","background-size":"auto","background-attachment":"scroll","background-type":"","background-media":"","overlay-type":"","overlay-color":"","overlay-gradient":""},"tablet":{"background-color":"var(--ast-global-color-5)","background-image":"","background-repeat":"repeat","background-position":"center center","background-size":"auto","background-attachment":"scroll","background-type":"","background-media":"","overlay-type":"","overlay-color":"","overlay-gradient":""},"mobile":{"background-color":"var(--ast-global-color-5)","background-image":"","background-repeat":"repeat","background-position":"center center","background-size":"auto","background-attachment":"scroll","background-type":"","background-media":"","overlay-type":"","overlay-color":"","overlay-gradient":""}},"_joinchat":[],"footnotes":""},"class_list":["post-543","page","type-page","status-publish","hentry"],"_links":{"self":[{"href":"https:\/\/concentrarte.org\/en\/wp-json\/wp\/v2\/pages\/543","targetHints":{"allow":["GET"]}}],"collection":[{"href":"https:\/\/concentrarte.org\/en\/wp-json\/wp\/v2\/pages"}],"about":[{"href":"https:\/\/concentrarte.org\/en\/wp-json\/wp\/v2\/types\/page"}],"author":[{"embeddable":true,"href":"https:\/\/concentrarte.org\/en\/wp-json\/wp\/v2\/users\/1"}],"replies":[{"embeddable":true,"href":"https:\/\/concentrarte.org\/en\/wp-json\/wp\/v2\/comments?post=543"}],"version-history":[{"count":86,"href":"https:\/\/concentrarte.org\/en\/wp-json\/wp\/v2\/pages\/543\/revisions"}],"predecessor-version":[{"id":6098,"href":"https:\/\/concentrarte.org\/en\/wp-json\/wp\/v2\/pages\/543\/revisions\/6098"}],"wp:attachment":[{"href":"https:\/\/concentrarte.org\/en\/wp-json\/wp\/v2\/media?parent=543"}],"curies":[{"name":"wp","href":"https:\/\/api.w.org\/{rel}","templated":true}]}}