{"id":1581,"date":"2024-03-07T19:26:44","date_gmt":"2024-03-07T19:26:44","guid":{"rendered":"https:\/\/concentrarte.org\/?page_id=1581"},"modified":"2024-03-07T19:30:01","modified_gmt":"2024-03-07T19:30:01","slug":"programas-copy-543","status":"publish","type":"page","link":"https:\/\/concentrarte.org\/en\/programas-copy-543\/","title":{"rendered":"Progr\/soali"},"content":{"rendered":"<div data-elementor-type=\"wp-post\" data-elementor-id=\"1581\" class=\"elementor elementor-1581\" data-elementor-post-type=\"page\">\n\t\t\t\t<div class=\"elementor-element elementor-element-36e4911 e-flex e-con-boxed e-con e-parent\" data-id=\"36e4911\" data-element_type=\"container\" data-e-type=\"container\" data-settings=\"{&quot;background_background&quot;:&quot;classic&quot;}\">\n\t\t\t\t\t<div class=\"e-con-inner\">\n\t\t<div class=\"elementor-element elementor-element-8d332cf e-con-full e-flex e-con e-child\" data-id=\"8d332cf\" data-element_type=\"container\" data-e-type=\"container\">\n\t\t\t\t<div class=\"elementor-element elementor-element-4bf79de elementor-widget elementor-widget-heading\" data-id=\"4bf79de\" data-element_type=\"widget\" data-e-type=\"widget\" data-widget_type=\"heading.default\">\n\t\t\t\t<div class=\"elementor-widget-container\">\n\t\t\t\t\t<h1 class=\"elementor-heading-title elementor-size-default\">Programs<\/h1>\t\t\t\t<\/div>\n\t\t\t\t<\/div>\n\t\t\t\t<\/div>\n\t\t\t\t\t<\/div>\n\t\t\t\t<\/div>\n\t\t\t\t<section class=\"elementor-section elementor-top-section elementor-element elementor-element-287016cb elementor-section-boxed elementor-section-height-default elementor-section-height-default\" data-id=\"287016cb\" data-element_type=\"section\" data-e-type=\"section\" data-settings=\"{&quot;background_background&quot;:&quot;classic&quot;}\">\n\t\t\t\t\t\t<div class=\"elementor-container elementor-column-gap-default\">\n\t\t\t\t\t<div class=\"elementor-column elementor-col-100 elementor-top-column elementor-element elementor-element-12714afb\" data-id=\"12714afb\" data-element_type=\"column\" data-e-type=\"column\">\n\t\t\t<div class=\"elementor-widget-wrap elementor-element-populated\">\n\t\t\t\t\t\t<div class=\"elementor-element elementor-element-1d14984 elementor-widget elementor-widget-xpro-heading\" data-id=\"1d14984\" data-element_type=\"widget\" data-e-type=\"widget\" data-widget_type=\"xpro-heading.default\">\n\t\t\t\t<div class=\"elementor-widget-container\">\n\t\t\t\t\t<div class=\"xpro-heading-wrapper xpro-simple-heading-wrapper\">\n\t<h2 class=\"xpro-heading-title\">Food Sovereignty <\/h2><\/div>\n\t\t\t\t<\/div>\n\t\t\t\t<\/div>\n\t\t\t\t<div class=\"elementor-element elementor-element-54588890 elementor-widget elementor-widget-text-editor\" data-id=\"54588890\" data-element_type=\"widget\" data-e-type=\"widget\" data-widget_type=\"text-editor.default\">\n\t\t\t\t<div class=\"elementor-widget-container\">\n\t\t\t\t\t\t\t\t\t<p>Our programs are designed for a true social impact, integrating the most important areas in the development of the human being.\u00a0<\/p>\t\t\t\t\t\t\t\t<\/div>\n\t\t\t\t<\/div>\n\t\t\t\t<div class=\"elementor-element elementor-element-6ab66371 xpro-content-aligncenter elementor-widget__width-initial elementor-widget-tablet__width-initial elementor-widget-mobile__width-inherit elementor-widget elementor-widget-xpro-icon-box\" data-id=\"6ab66371\" data-element_type=\"widget\" data-e-type=\"widget\" data-widget_type=\"xpro-icon-box.default\">\n\t\t\t\t<div class=\"elementor-widget-container\">\n\t\t\t\t\t\r\n<a  href=\"https:\/\/concentrarte.org\/en\/projects\/\" class=\"xpro-box-icon-wrapper\">\r\n<div class=\"xpro-box-icon-wrapper-inner\">\r\n\t     \r\n\t\t\t   <span class=\"xpro-box-icon-item\">\r\n\t\t\t\t<img decoding=\"async\" width=\"125\" height=\"125\" src=\"https:\/\/concentrarte.org\/wp-content\/uploads\/2024\/03\/Featured-01-iamge-02.png\" class=\"attachment-full size-full\" alt=\"\" srcset=\"https:\/\/concentrarte.org\/wp-content\/uploads\/2024\/03\/Featured-01-iamge-02.png 125w, https:\/\/concentrarte.org\/wp-content\/uploads\/2024\/03\/Featured-01-iamge-02-100x100.png 100w\" sizes=\"(max-width: 125px) 100vw, 125px\" \/>\t\t  <\/span>\r\n\t\r\n\t<span class=\"xpro-box-icon-content\">\r\n\t<h3 class=\"xpro-box-icon-title\">Agrovita Social<\/h3>\r\n\t\t\t\t\t<p class=\"xpro-box-icon-description\">We work consciously to improve nutritional conditions in Mexico<\/p>\r\n\t\t\t\t   <\/span>\r\n   <\/div>\r\n<\/a>\r\n\t\t\t\t<\/div>\n\t\t\t\t<\/div>\n\t\t\t\t<div class=\"elementor-element elementor-element-2acc4e43 xpro-content-aligncenter elementor-widget__width-initial elementor-widget-tablet__width-initial elementor-widget-mobile__width-inherit elementor-widget elementor-widget-xpro-icon-box\" data-id=\"2acc4e43\" data-element_type=\"widget\" data-e-type=\"widget\" data-widget_type=\"xpro-icon-box.default\">\n\t\t\t\t<div class=\"elementor-widget-container\">\n\t\t\t\t\t\r\n<a  class=\"xpro-box-icon-wrapper\">\r\n<div class=\"xpro-box-icon-wrapper-inner\">\r\n\t     \r\n\t\t\t   <span class=\"xpro-box-icon-item\">\r\n\t\t\t\t<img decoding=\"async\" width=\"125\" height=\"125\" src=\"https:\/\/concentrarte.org\/wp-content\/uploads\/2024\/03\/Featured-01-iamge-03.png\" class=\"attachment-full size-full\" alt=\"\" srcset=\"https:\/\/concentrarte.org\/wp-content\/uploads\/2024\/03\/Featured-01-iamge-03.png 125w, https:\/\/concentrarte.org\/wp-content\/uploads\/2024\/03\/Featured-01-iamge-03-100x100.png 100w\" sizes=\"(max-width: 125px) 100vw, 125px\" \/>\t\t  <\/span>\r\n\t\r\n\t<span class=\"xpro-box-icon-content\">\r\n\t<h3 class=\"xpro-box-icon-title\">Soberan\u00eda Alimentaria para el pueblo Wixaritari<\/h3>\r\n\t\t\t\t\t<p class=\"xpro-box-icon-description\">Integral formation of the human being is important for their development in society.<\/p>\r\n\t\t\t\t   <\/span>\r\n   <\/div>\r\n<\/a>\r\n\t\t\t\t<\/div>\n\t\t\t\t<\/div>\n\t\t\t\t<div class=\"elementor-element elementor-element-2665259 xpro-content-aligncenter elementor-widget__width-initial elementor-widget-mobile__width-inherit elementor-widget elementor-widget-xpro-icon-box\" data-id=\"2665259\" data-element_type=\"widget\" data-e-type=\"widget\" data-widget_type=\"xpro-icon-box.default\">\n\t\t\t\t<div class=\"elementor-widget-container\">\n\t\t\t\t\t\r\n<a  class=\"xpro-box-icon-wrapper\">\r\n<div class=\"xpro-box-icon-wrapper-inner\">\r\n\t     \r\n\t\t\t   <span class=\"xpro-box-icon-item\">\r\n\t\t\t\t<img decoding=\"async\" width=\"125\" height=\"125\" src=\"https:\/\/concentrarte.org\/wp-content\/uploads\/2024\/03\/Featured-01-iamge-04.png\" class=\"attachment-full size-full\" alt=\"\" srcset=\"https:\/\/concentrarte.org\/wp-content\/uploads\/2024\/03\/Featured-01-iamge-04.png 125w, https:\/\/concentrarte.org\/wp-content\/uploads\/2024\/03\/Featured-01-iamge-04-100x100.png 100w\" sizes=\"(max-width: 125px) 100vw, 125px\" \/>\t\t  <\/span>\r\n\t\r\n\t<span class=\"xpro-box-icon-content\">\r\n\t<h3 class=\"xpro-box-icon-title\">Tierra F\u00e9rtil<\/h3>\r\n\t\t\t\t\t<p class=\"xpro-box-icon-description\">We encourage the care of the environment with ecological issues for children, youth and adults<\/p>\r\n\t\t\t\t   <\/span>\r\n   <\/div>\r\n<\/a>\r\n\t\t\t\t<\/div>\n\t\t\t\t<\/div>\n\t\t\t\t\t<\/div>\n\t\t<\/div>\n\t\t\t\t\t<\/div>\n\t\t<\/section>\n\t\t\t\t<\/div>","protected":false},"excerpt":{"rendered":"<p>Programas Soberan\u00eda Alimentaria Nuestros programas est\u00e1n dise\u00f1ados para un verdadero impacto social, integrando las \u00e1reas m\u00e1s importantes en el desarrollo del ser humano.\u00a0 Agrovita Social Trabajamos conscientemente para mejorar las condiciones alimenticias en M\u00e9xico Soberan\u00eda Alimentaria para el pueblo Wixaritari Formaci\u00f3n integral del ser humano es importante para su desarrollo en sociedad. Tierra F\u00e9rtil Fomentamos [&hellip;]<\/p>\n","protected":false},"author":1,"featured_media":0,"parent":0,"menu_order":0,"comment_status":"closed","ping_status":"closed","template":"","meta":{"ghostkit_customizer_options":"","ghostkit_custom_css":"","ghostkit_custom_js_head":"","ghostkit_custom_js_foot":"","ghostkit_typography":"","site-sidebar-layout":"no-sidebar","site-content-layout":"page-builder","ast-site-content-layout":"full-width-container","site-content-style":"unboxed","site-sidebar-style":"unboxed","ast-global-header-display":"","ast-banner-title-visibility":"","ast-main-header-display":"","ast-hfb-above-header-display":"","ast-hfb-below-header-display":"","ast-hfb-mobile-header-display":"","site-post-title":"disabled","ast-breadcrumbs-content":"","ast-featured-img":"disabled","footer-sml-layout":"","theme-transparent-header-meta":"enabled","adv-header-id-meta":"","stick-header-meta":"","header-above-stick-meta":"","header-main-stick-meta":"","header-below-stick-meta":"","astra-migrate-meta-layouts":"set","ast-page-background-enabled":"default","ast-page-background-meta":{"desktop":{"background-color":"","background-image":"","background-repeat":"repeat","background-position":"center center","background-size":"auto","background-attachment":"scroll","background-type":"","background-media":"","overlay-type":"","overlay-color":"","overlay-gradient":""},"tablet":{"background-color":"","background-image":"","background-repeat":"repeat","background-position":"center center","background-size":"auto","background-attachment":"scroll","background-type":"","background-media":"","overlay-type":"","overlay-color":"","overlay-gradient":""},"mobile":{"background-color":"","background-image":"","background-repeat":"repeat","background-position":"center center","background-size":"auto","background-attachment":"scroll","background-type":"","background-media":"","overlay-type":"","overlay-color":"","overlay-gradient":""}},"ast-content-background-meta":{"desktop":{"background-color":"var(--ast-global-color-5)","background-image":"","background-repeat":"repeat","background-position":"center center","background-size":"auto","background-attachment":"scroll","background-type":"","background-media":"","overlay-type":"","overlay-color":"","overlay-gradient":""},"tablet":{"background-color":"var(--ast-global-color-5)","background-image":"","background-repeat":"repeat","background-position":"center center","background-size":"auto","background-attachment":"scroll","background-type":"","background-media":"","overlay-type":"","overlay-color":"","overlay-gradient":""},"mobile":{"background-color":"var(--ast-global-color-5)","background-image":"","background-repeat":"repeat","background-position":"center center","background-size":"auto","background-attachment":"scroll","background-type":"","background-media":"","overlay-type":"","overlay-color":"","overlay-gradient":""}},"_joinchat":[],"footnotes":""},"class_list":["post-1581","page","type-page","status-publish","hentry"],"_links":{"self":[{"href":"https:\/\/concentrarte.org\/en\/wp-json\/wp\/v2\/pages\/1581","targetHints":{"allow":["GET"]}}],"collection":[{"href":"https:\/\/concentrarte.org\/en\/wp-json\/wp\/v2\/pages"}],"about":[{"href":"https:\/\/concentrarte.org\/en\/wp-json\/wp\/v2\/types\/page"}],"author":[{"embeddable":true,"href":"https:\/\/concentrarte.org\/en\/wp-json\/wp\/v2\/users\/1"}],"replies":[{"embeddable":true,"href":"https:\/\/concentrarte.org\/en\/wp-json\/wp\/v2\/comments?post=1581"}],"version-history":[{"count":7,"href":"https:\/\/concentrarte.org\/en\/wp-json\/wp\/v2\/pages\/1581\/revisions"}],"predecessor-version":[{"id":1588,"href":"https:\/\/concentrarte.org\/en\/wp-json\/wp\/v2\/pages\/1581\/revisions\/1588"}],"wp:attachment":[{"href":"https:\/\/concentrarte.org\/en\/wp-json\/wp\/v2\/media?parent=1581"}],"curies":[{"name":"wp","href":"https:\/\/api.w.org\/{rel}","templated":true}]}}